{"id":517,"date":"2023-07-05T10:17:55","date_gmt":"2023-07-05T10:17:55","guid":{"rendered":"https:\/\/www.aqwarana.eu\/de\/?page_id=517"},"modified":"2025-04-25T11:22:27","modified_gmt":"2025-04-25T11:22:27","slug":"versand-und-lieferung","status":"publish","type":"page","link":"https:\/\/www.aqwarana.eu\/de\/versand-und-lieferung\/","title":{"rendered":"Versand und Lieferung"},"content":{"rendered":"<div class=\"entry-content\">\n<p data-start=\"103\" data-end=\"376\"><strong>Liefer- &amp; Versandinformationen<\/strong><\/p>\n<p class=\"\" data-start=\"103\" data-end=\"376\"><strong data-start=\"103\" data-end=\"133\">Lieferung innerhalb der EU<\/strong><br data-start=\"133\" data-end=\"136\" \/>Wir liefern in die gesamte Europ\u00e4ische Union mit <strong data-start=\"185\" data-end=\"198\">DHL E-commerce<\/strong>. Die Lieferung ist schnell, sicher und <strong data-start=\"238\" data-end=\"259\">versandkostenfrei<\/strong>. Die Lieferzeit mit DHL Standard betr\u00e4gt <strong data-start=\"301\" data-end=\"317\">2\u20136 Werktage<\/strong> ab Versanddatum.<\/p>\n<p class=\"\" data-start=\"378\" data-end=\"640\"><strong data-start=\"378\" data-end=\"408\">Lieferung au\u00dferhalb der EU<\/strong><br data-start=\"408\" data-end=\"411\" \/>F\u00fcr internationale Bestellungen au\u00dferhalb Europas versenden wir mit <strong data-start=\"479\" data-end=\"514\">FedEx Express (Economy Service)<\/strong>. Die Lieferzeit betr\u00e4gt <strong data-start=\"539\" data-end=\"555\">2\u20134 Werktage<\/strong> ab Versanddatum.<br data-start=\"572\" data-end=\"575\" \/><strong data-start=\"575\" data-end=\"594\">Bitte beachten:<\/strong> Es erfolgt <strong data-start=\"606\" data-end=\"639\">keine Zustellung an Samstagen<\/strong>.<\/p>\n<p class=\"\" data-start=\"642\" data-end=\"661\"><strong data-start=\"642\" data-end=\"659\">Versandkosten<\/strong><\/p>\n<ul data-start=\"662\" data-end=\"826\">\n<li class=\"\" data-start=\"662\" data-end=\"708\">\n<p class=\"\" data-start=\"664\" data-end=\"708\"><strong data-start=\"664\" data-end=\"686\">Innerhalb Europas:<\/strong> Kostenloser Versand<\/p>\n<\/li>\n<li class=\"\" data-start=\"709\" data-end=\"767\">\n<p class=\"\" data-start=\"711\" data-end=\"767\"><strong data-start=\"711\" data-end=\"733\">Au\u00dferhalb Europas:<\/strong> Standardversandkosten von FedEx<\/p>\n<\/li>\n<li class=\"\" data-start=\"768\" data-end=\"826\">\n<p class=\"\" data-start=\"770\" data-end=\"826\"><strong data-start=\"770\" data-end=\"803\">Expressversand (auf Anfrage):<\/strong> Gegen Aufpreis m\u00f6glich<\/p>\n<\/li>\n<\/ul>\n<p class=\"\" data-start=\"828\" data-end=\"1140\"><strong data-start=\"828\" data-end=\"853\">Bearbeitung &amp; Versand<\/strong><br data-start=\"853\" data-end=\"856\" \/>Bestellungen werden in der Regel am <strong data-start=\"892\" data-end=\"912\">n\u00e4chsten Werktag<\/strong> nach Zahlungseingang versendet.<br data-start=\"944\" data-end=\"947\" \/>Sollte ein Artikel unerwartet nicht verf\u00fcgbar sein, informieren wir Sie umgehend. Sie haben in diesem Fall das Recht, die Bestellung zu stornieren und erhalten eine vollst\u00e4ndige R\u00fcckerstattung.<\/p>\n<p class=\"\" data-start=\"1142\" data-end=\"1301\"><strong data-start=\"1142\" data-end=\"1164\">Sendungsverfolgung<\/strong><br data-start=\"1164\" data-end=\"1167\" \/>Sobald Ihre Bestellung versendet wurde, erhalten Sie eine <strong data-start=\"1225\" data-end=\"1258\">Versandbest\u00e4tigung per E-Mail<\/strong> mit einem <strong data-start=\"1269\" data-end=\"1300\">Link zur Sendungsverfolgung<\/strong>.<\/p>\n<p class=\"\" data-start=\"1303\" data-end=\"1371\"><strong data-start=\"1303\" data-end=\"1314\">Fragen?<\/strong><br data-start=\"1314\" data-end=\"1317\" \/>Bei Fragen erreichen Sie uns unter <strong data-start=\"1352\" data-end=\"1371\"><a class=\"cursor-pointer\" rel=\"noopener\" data-start=\"1354\" data-end=\"1369\">info@aqwarana.eu<\/a><\/strong><\/p>\n<\/div>\n","protected":false},"excerpt":{"rendered":"<p>Liefer- &amp; Versandinformationen Lieferung innerhalb der EUWir liefern in die gesamte Europ\u00e4ische Union mit DHL E-commerce. Die Lieferung ist schnell, sicher und versandkostenfrei. Die Lieferzeit mit DHL Standard betr\u00e4gt 2\u20136 Werktage ab Versanddatum. Lieferung au\u00dferhalb der EUF\u00fcr internationale Bestellungen au\u00dferhalb Europas versenden wir mit FedEx Express (Economy Service). Die Lieferzeit betr\u00e4gt 2\u20134 Werktage ab Versanddatum.Bitte [&hellip;]<\/p>\n","protected":false},"author":1,"featured_media":0,"parent":0,"menu_order":0,"comment_status":"closed","ping_status":"closed","template":"","meta":[],"yoast_head":"<!-- This site is optimized with the Yoast SEO plugin v20.10 - https:\/\/yoast.com\/wordpress\/plugins\/seo\/ -->\n<title>Versand und Lieferung | Aqwarana .eu<\/title>\n<meta name=\"robots\" content=\"index, follow, max-snippet:-1, max-image-preview:large, max-video-preview:-1\" \/>\n<link rel=\"canonical\" href=\"https:\/\/www.aqwarana.eu\/de\/versand-und-lieferung\/\" \/>\n<meta property=\"og:locale\" content=\"de_DE\" \/>\n<meta property=\"og:type\" content=\"article\" \/>\n<meta property=\"og:title\" content=\"Versand und Lieferung | Aqwarana .eu\" \/>\n<meta property=\"og:description\" content=\"Liefer- &amp; Versandinformationen Lieferung innerhalb der EUWir liefern in die gesamte Europ\u00e4ische Union mit DHL E-commerce. Die Lieferung ist schnell, sicher und versandkostenfrei. Die Lieferzeit mit DHL Standard betr\u00e4gt 2\u20136 Werktage ab Versanddatum. Lieferung au\u00dferhalb der EUF\u00fcr internationale Bestellungen au\u00dferhalb Europas versenden wir mit FedEx Express (Economy Service). Die Lieferzeit betr\u00e4gt 2\u20134 Werktage ab Versanddatum.Bitte [&hellip;]\" \/>\n<meta property=\"og:url\" content=\"https:\/\/www.aqwarana.eu\/de\/versand-und-lieferung\/\" \/>\n<meta property=\"og:site_name\" content=\"Aqwarana de\" \/>\n<meta property=\"article:modified_time\" content=\"2025-04-25T11:22:27+00:00\" \/>\n<meta name=\"twitter:card\" content=\"summary_large_image\" \/>\n<meta name=\"twitter:label1\" content=\"Gesch\u00e4tzte Lesezeit\" \/>\n\t<meta name=\"twitter:data1\" content=\"1\u00a0Minute\" \/>\n<script type=\"application\/ld+json\" class=\"yoast-schema-graph\">{\"@context\":\"https:\/\/schema.org\",\"@graph\":[{\"@type\":\"WebPage\",\"@id\":\"https:\/\/www.aqwarana.eu\/de\/versand-und-lieferung\/\",\"url\":\"https:\/\/www.aqwarana.eu\/de\/versand-und-lieferung\/\",\"name\":\"Versand und Lieferung | Aqwarana .eu\",\"isPartOf\":{\"@id\":\"https:\/\/www.aqwarana.eu\/de\/#website\"},\"datePublished\":\"2023-07-05T10:17:55+00:00\",\"dateModified\":\"2025-04-25T11:22:27+00:00\",\"breadcrumb\":{\"@id\":\"https:\/\/www.aqwarana.eu\/de\/versand-und-lieferung\/#breadcrumb\"},\"inLanguage\":\"de\",\"potentialAction\":[{\"@type\":\"ReadAction\",\"target\":[\"https:\/\/www.aqwarana.eu\/de\/versand-und-lieferung\/\"]}]},{\"@type\":\"BreadcrumbList\",\"@id\":\"https:\/\/www.aqwarana.eu\/de\/versand-und-lieferung\/#breadcrumb\",\"itemListElement\":[{\"@type\":\"ListItem\",\"position\":1,\"name\":\"Home\",\"item\":\"https:\/\/www.aqwarana.eu\/de\/\"},{\"@type\":\"ListItem\",\"position\":2,\"name\":\"Versand und Lieferung\"}]},{\"@type\":\"WebSite\",\"@id\":\"https:\/\/www.aqwarana.eu\/de\/#website\",\"url\":\"https:\/\/www.aqwarana.eu\/de\/\",\"name\":\"Aqwarana de\",\"description\":\"\",\"potentialAction\":[{\"@type\":\"SearchAction\",\"target\":{\"@type\":\"EntryPoint\",\"urlTemplate\":\"https:\/\/www.aqwarana.eu\/de\/?s={search_term_string}\"},\"query-input\":\"required name=search_term_string\"}],\"inLanguage\":\"de\"}]}<\/script>\n<!-- \/ Yoast SEO plugin. -->","yoast_head_json":{"title":"Versand und Lieferung | Aqwarana .eu","robots":{"index":"index","follow":"follow","max-snippet":"max-snippet:-1","max-image-preview":"max-image-preview:large","max-video-preview":"max-video-preview:-1"},"canonical":"https:\/\/www.aqwarana.eu\/de\/versand-und-lieferung\/","og_locale":"de_DE","og_type":"article","og_title":"Versand und Lieferung | Aqwarana .eu","og_description":"Liefer- &amp; Versandinformationen Lieferung innerhalb der EUWir liefern in die gesamte Europ\u00e4ische Union mit DHL E-commerce. Die Lieferung ist schnell, sicher und versandkostenfrei. Die Lieferzeit mit DHL Standard betr\u00e4gt 2\u20136 Werktage ab Versanddatum. Lieferung au\u00dferhalb der EUF\u00fcr internationale Bestellungen au\u00dferhalb Europas versenden wir mit FedEx Express (Economy Service). Die Lieferzeit betr\u00e4gt 2\u20134 Werktage ab Versanddatum.Bitte [&hellip;]","og_url":"https:\/\/www.aqwarana.eu\/de\/versand-und-lieferung\/","og_site_name":"Aqwarana de","article_modified_time":"2025-04-25T11:22:27+00:00","twitter_card":"summary_large_image","twitter_misc":{"Gesch\u00e4tzte Lesezeit":"1\u00a0Minute"},"schema":{"@context":"https:\/\/schema.org","@graph":[{"@type":"WebPage","@id":"https:\/\/www.aqwarana.eu\/de\/versand-und-lieferung\/","url":"https:\/\/www.aqwarana.eu\/de\/versand-und-lieferung\/","name":"Versand und Lieferung | Aqwarana .eu","isPartOf":{"@id":"https:\/\/www.aqwarana.eu\/de\/#website"},"datePublished":"2023-07-05T10:17:55+00:00","dateModified":"2025-04-25T11:22:27+00:00","breadcrumb":{"@id":"https:\/\/www.aqwarana.eu\/de\/versand-und-lieferung\/#breadcrumb"},"inLanguage":"de","potentialAction":[{"@type":"ReadAction","target":["https:\/\/www.aqwarana.eu\/de\/versand-und-lieferung\/"]}]},{"@type":"BreadcrumbList","@id":"https:\/\/www.aqwarana.eu\/de\/versand-und-lieferung\/#breadcrumb","itemListElement":[{"@type":"ListItem","position":1,"name":"Home","item":"https:\/\/www.aqwarana.eu\/de\/"},{"@type":"ListItem","position":2,"name":"Versand und Lieferung"}]},{"@type":"WebSite","@id":"https:\/\/www.aqwarana.eu\/de\/#website","url":"https:\/\/www.aqwarana.eu\/de\/","name":"Aqwarana de","description":"","potentialAction":[{"@type":"SearchAction","target":{"@type":"EntryPoint","urlTemplate":"https:\/\/www.aqwarana.eu\/de\/?s={search_term_string}"},"query-input":"required name=search_term_string"}],"inLanguage":"de"}]}},"_links":{"self":[{"href":"https:\/\/www.aqwarana.eu\/de\/wp-json\/wp\/v2\/pages\/517"}],"collection":[{"href":"https:\/\/www.aqwarana.eu\/de\/wp-json\/wp\/v2\/pages"}],"about":[{"href":"https:\/\/www.aqwarana.eu\/de\/wp-json\/wp\/v2\/types\/page"}],"author":[{"embeddable":true,"href":"https:\/\/www.aqwarana.eu\/de\/wp-json\/wp\/v2\/users\/1"}],"replies":[{"embeddable":true,"href":"https:\/\/www.aqwarana.eu\/de\/wp-json\/wp\/v2\/comments?post=517"}],"version-history":[{"count":6,"href":"https:\/\/www.aqwarana.eu\/de\/wp-json\/wp\/v2\/pages\/517\/revisions"}],"predecessor-version":[{"id":779,"href":"https:\/\/www.aqwarana.eu\/de\/wp-json\/wp\/v2\/pages\/517\/revisions\/779"}],"wp:attachment":[{"href":"https:\/\/www.aqwarana.eu\/de\/wp-json\/wp\/v2\/media?parent=517"}],"curies":[{"name":"wp","href":"https:\/\/api.w.org\/{rel}","templated":true}]}}