{"id":517,"date":"2023-07-05T10:17:55","date_gmt":"2023-07-05T10:17:55","guid":{"rendered":"https:\/\/www.aqwarana.eu\/es\/?page_id=517"},"modified":"2025-05-23T14:35:58","modified_gmt":"2025-05-23T14:35:58","slug":"shipping-and-delivery","status":"publish","type":"page","link":"https:\/\/www.aqwarana.eu\/es\/shipping-and-delivery\/","title":{"rendered":"Env\u00edo y Entrega"},"content":{"rendered":"<div class=\"entry-content\">\n<h3 data-start=\"86\" data-end=\"105\"><\/h3>\n<h4 data-start=\"107\" data-end=\"134\">Informaci\u00f3n de Entrega<\/h4>\n<p data-start=\"136\" data-end=\"456\">Ofrecemos entregas r\u00e1pidas y fiables dentro de la <strong data-start=\"186\" data-end=\"203\">Uni\u00f3n Europea<\/strong> y a <strong data-start=\"208\" data-end=\"231\">nivel internacional<\/strong>. Por favor, revise los siguientes detalles sobre m\u00e9todos de pago, costos de env\u00edo y tiempos estimados de entrega para pedidos internacionales. Para cualquier consulta adicional, no dude en contactarnos a <strong data-start=\"436\" data-end=\"455\"><a class=\"cursor-pointer\" rel=\"noopener\" data-start=\"438\" data-end=\"453\">info@aqwarana.eu<\/a><\/strong>.<\/p>\n<ul data-start=\"458\" data-end=\"976\">\n<li data-start=\"458\" data-end=\"702\">\n<p data-start=\"460\" data-end=\"563\"><strong data-start=\"460\" data-end=\"480\">Dentro de Europa<\/strong><br data-start=\"480\" data-end=\"483\" \/>Trabajamos con <strong data-start=\"500\" data-end=\"514\">DHL Parcel<\/strong> para garantizar entregas seguras y econ\u00f3micas.<\/p>\n<ul data-start=\"566\" data-end=\"702\">\n<li data-start=\"566\" data-end=\"629\">\n<p data-start=\"568\" data-end=\"629\"><strong data-start=\"568\" data-end=\"590\">Tiempo de entrega:<\/strong> 2 a 6 d\u00edas laborables desde el env\u00edo<\/p>\n<\/li>\n<li data-start=\"632\" data-end=\"671\">\n<p data-start=\"634\" data-end=\"671\"><strong data-start=\"634\" data-end=\"657\">Entregas en s\u00e1bado:<\/strong> Disponibles<\/p>\n<\/li>\n<li data-start=\"674\" data-end=\"702\">\n<p data-start=\"676\" data-end=\"702\"><strong data-start=\"676\" data-end=\"695\">Costo de env\u00edo:<\/strong> Gratis<\/p>\n<\/li>\n<\/ul>\n<\/li>\n<li data-start=\"704\" data-end=\"976\">\n<p data-start=\"706\" data-end=\"789\"><strong data-start=\"706\" data-end=\"725\">Fuera de Europa<\/strong><br data-start=\"725\" data-end=\"728\" \/>Utilizamos <strong data-start=\"741\" data-end=\"758\">FedEx Express<\/strong> para env\u00edos internacionales.<\/p>\n<ul data-start=\"792\" data-end=\"976\">\n<li data-start=\"792\" data-end=\"874\">\n<p data-start=\"794\" data-end=\"874\"><strong data-start=\"794\" data-end=\"816\">Tiempo de entrega:<\/strong> 2 a 4 d\u00edas laborables desde el env\u00edo (servicio Economy)<\/p>\n<\/li>\n<li data-start=\"877\" data-end=\"919\">\n<p data-start=\"879\" data-end=\"919\"><strong data-start=\"879\" data-end=\"902\">Entregas en s\u00e1bado:<\/strong> No disponibles<\/p>\n<\/li>\n<li data-start=\"922\" data-end=\"976\">\n<p data-start=\"924\" data-end=\"976\"><strong data-start=\"924\" data-end=\"943\">Costo de env\u00edo:<\/strong> Calculado al finalizar la compra<\/p>\n<\/li>\n<\/ul>\n<\/li>\n<\/ul>\n<h4 data-start=\"978\" data-end=\"999\">Proceso de Env\u00edo<\/h4>\n<p data-start=\"1001\" data-end=\"1244\">Los pedidos suelen enviarse el siguiente d\u00eda laborable despu\u00e9s de recibir el pago. En caso de que un producto est\u00e9 agotado inesperadamente, le notificaremos de inmediato y tendr\u00e1 la opci\u00f3n de cancelar el pedido y recibir un reembolso completo.<\/p>\n<h4 data-start=\"1246\" data-end=\"1272\">Seguimiento de Env\u00edos<\/h4>\n<p data-start=\"1274\" data-end=\"1467\">Una vez que su pedido haya sido entregado a nuestra empresa de transporte, recibir\u00e1 un correo electr\u00f3nico de confirmaci\u00f3n con un <strong data-start=\"1403\" data-end=\"1428\">enlace de seguimiento<\/strong> para monitorear el estado de su env\u00edo.<\/p>\n<h4 data-start=\"1469\" data-end=\"1488\">Entrega Expr\u00e9s<\/h4>\n<p data-start=\"1490\" data-end=\"1633\">Ofrecemos <strong data-start=\"1500\" data-end=\"1518\">entrega expr\u00e9s<\/strong> a solicitud, con un costo adicional. Por favor, cont\u00e1ctenos antes de realizar su pedido si necesita env\u00edo urgente.<\/p>\n<\/div>\n","protected":false},"excerpt":{"rendered":"<p>Informaci\u00f3n de Entrega Ofrecemos entregas r\u00e1pidas y fiables dentro de la Uni\u00f3n Europea y a nivel internacional. Por favor, revise los siguientes detalles sobre m\u00e9todos de pago, costos de env\u00edo y tiempos estimados de entrega para pedidos internacionales. Para cualquier consulta adicional, no dude en contactarnos a info@aqwarana.eu. Dentro de EuropaTrabajamos con DHL Parcel para [&hellip;]<\/p>\n","protected":false},"author":1,"featured_media":0,"parent":0,"menu_order":0,"comment_status":"closed","ping_status":"closed","template":"","meta":[],"yoast_head":"<!-- This site is optimized with the Yoast SEO plugin v20.10 - https:\/\/yoast.com\/wordpress\/plugins\/seo\/ -->\n<title>Env\u00edo y Entrega | Aqwarana .eu<\/title>\n<meta name=\"robots\" content=\"index, follow, max-snippet:-1, max-image-preview:large, max-video-preview:-1\" \/>\n<link rel=\"canonical\" href=\"https:\/\/www.aqwarana.eu\/es\/shipping-and-delivery\/\" \/>\n<meta property=\"og:locale\" content=\"es_ES\" \/>\n<meta property=\"og:type\" content=\"article\" \/>\n<meta property=\"og:title\" content=\"Env\u00edo y Entrega | Aqwarana .eu\" \/>\n<meta property=\"og:description\" content=\"Informaci\u00f3n de Entrega Ofrecemos entregas r\u00e1pidas y fiables dentro de la Uni\u00f3n Europea y a nivel internacional. Por favor, revise los siguientes detalles sobre m\u00e9todos de pago, costos de env\u00edo y tiempos estimados de entrega para pedidos internacionales. Para cualquier consulta adicional, no dude en contactarnos a info@aqwarana.eu. Dentro de EuropaTrabajamos con DHL Parcel para [&hellip;]\" \/>\n<meta property=\"og:url\" content=\"https:\/\/www.aqwarana.eu\/es\/shipping-and-delivery\/\" \/>\n<meta property=\"og:site_name\" content=\"aqwarana es\" \/>\n<meta property=\"article:modified_time\" content=\"2025-05-23T14:35:58+00:00\" \/>\n<meta name=\"twitter:card\" content=\"summary_large_image\" \/>\n<meta name=\"twitter:label1\" content=\"Tiempo de lectura\" \/>\n\t<meta name=\"twitter:data1\" content=\"1 minuto\" \/>\n<script type=\"application\/ld+json\" class=\"yoast-schema-graph\">{\"@context\":\"https:\/\/schema.org\",\"@graph\":[{\"@type\":\"WebPage\",\"@id\":\"https:\/\/www.aqwarana.eu\/es\/shipping-and-delivery\/\",\"url\":\"https:\/\/www.aqwarana.eu\/es\/shipping-and-delivery\/\",\"name\":\"Env\u00edo y Entrega | Aqwarana .eu\",\"isPartOf\":{\"@id\":\"https:\/\/www.aqwarana.eu\/es\/#website\"},\"datePublished\":\"2023-07-05T10:17:55+00:00\",\"dateModified\":\"2025-05-23T14:35:58+00:00\",\"breadcrumb\":{\"@id\":\"https:\/\/www.aqwarana.eu\/es\/shipping-and-delivery\/#breadcrumb\"},\"inLanguage\":\"es\",\"potentialAction\":[{\"@type\":\"ReadAction\",\"target\":[\"https:\/\/www.aqwarana.eu\/es\/shipping-and-delivery\/\"]}]},{\"@type\":\"BreadcrumbList\",\"@id\":\"https:\/\/www.aqwarana.eu\/es\/shipping-and-delivery\/#breadcrumb\",\"itemListElement\":[{\"@type\":\"ListItem\",\"position\":1,\"name\":\"Home\",\"item\":\"https:\/\/www.aqwarana.eu\/es\/\"},{\"@type\":\"ListItem\",\"position\":2,\"name\":\"Env\u00edo y Entrega\"}]},{\"@type\":\"WebSite\",\"@id\":\"https:\/\/www.aqwarana.eu\/es\/#website\",\"url\":\"https:\/\/www.aqwarana.eu\/es\/\",\"name\":\"aqwarana es\",\"description\":\"\",\"potentialAction\":[{\"@type\":\"SearchAction\",\"target\":{\"@type\":\"EntryPoint\",\"urlTemplate\":\"https:\/\/www.aqwarana.eu\/es\/?s={search_term_string}\"},\"query-input\":\"required name=search_term_string\"}],\"inLanguage\":\"es\"}]}<\/script>\n<!-- \/ Yoast SEO plugin. -->","yoast_head_json":{"title":"Env\u00edo y Entrega | Aqwarana .eu","robots":{"index":"index","follow":"follow","max-snippet":"max-snippet:-1","max-image-preview":"max-image-preview:large","max-video-preview":"max-video-preview:-1"},"canonical":"https:\/\/www.aqwarana.eu\/es\/shipping-and-delivery\/","og_locale":"es_ES","og_type":"article","og_title":"Env\u00edo y Entrega | Aqwarana .eu","og_description":"Informaci\u00f3n de Entrega Ofrecemos entregas r\u00e1pidas y fiables dentro de la Uni\u00f3n Europea y a nivel internacional. Por favor, revise los siguientes detalles sobre m\u00e9todos de pago, costos de env\u00edo y tiempos estimados de entrega para pedidos internacionales. Para cualquier consulta adicional, no dude en contactarnos a info@aqwarana.eu. Dentro de EuropaTrabajamos con DHL Parcel para [&hellip;]","og_url":"https:\/\/www.aqwarana.eu\/es\/shipping-and-delivery\/","og_site_name":"aqwarana es","article_modified_time":"2025-05-23T14:35:58+00:00","twitter_card":"summary_large_image","twitter_misc":{"Tiempo de lectura":"1 minuto"},"schema":{"@context":"https:\/\/schema.org","@graph":[{"@type":"WebPage","@id":"https:\/\/www.aqwarana.eu\/es\/shipping-and-delivery\/","url":"https:\/\/www.aqwarana.eu\/es\/shipping-and-delivery\/","name":"Env\u00edo y Entrega | Aqwarana .eu","isPartOf":{"@id":"https:\/\/www.aqwarana.eu\/es\/#website"},"datePublished":"2023-07-05T10:17:55+00:00","dateModified":"2025-05-23T14:35:58+00:00","breadcrumb":{"@id":"https:\/\/www.aqwarana.eu\/es\/shipping-and-delivery\/#breadcrumb"},"inLanguage":"es","potentialAction":[{"@type":"ReadAction","target":["https:\/\/www.aqwarana.eu\/es\/shipping-and-delivery\/"]}]},{"@type":"BreadcrumbList","@id":"https:\/\/www.aqwarana.eu\/es\/shipping-and-delivery\/#breadcrumb","itemListElement":[{"@type":"ListItem","position":1,"name":"Home","item":"https:\/\/www.aqwarana.eu\/es\/"},{"@type":"ListItem","position":2,"name":"Env\u00edo y Entrega"}]},{"@type":"WebSite","@id":"https:\/\/www.aqwarana.eu\/es\/#website","url":"https:\/\/www.aqwarana.eu\/es\/","name":"aqwarana es","description":"","potentialAction":[{"@type":"SearchAction","target":{"@type":"EntryPoint","urlTemplate":"https:\/\/www.aqwarana.eu\/es\/?s={search_term_string}"},"query-input":"required name=search_term_string"}],"inLanguage":"es"}]}},"_links":{"self":[{"href":"https:\/\/www.aqwarana.eu\/es\/wp-json\/wp\/v2\/pages\/517"}],"collection":[{"href":"https:\/\/www.aqwarana.eu\/es\/wp-json\/wp\/v2\/pages"}],"about":[{"href":"https:\/\/www.aqwarana.eu\/es\/wp-json\/wp\/v2\/types\/page"}],"author":[{"embeddable":true,"href":"https:\/\/www.aqwarana.eu\/es\/wp-json\/wp\/v2\/users\/1"}],"replies":[{"embeddable":true,"href":"https:\/\/www.aqwarana.eu\/es\/wp-json\/wp\/v2\/comments?post=517"}],"version-history":[{"count":5,"href":"https:\/\/www.aqwarana.eu\/es\/wp-json\/wp\/v2\/pages\/517\/revisions"}],"predecessor-version":[{"id":785,"href":"https:\/\/www.aqwarana.eu\/es\/wp-json\/wp\/v2\/pages\/517\/revisions\/785"}],"wp:attachment":[{"href":"https:\/\/www.aqwarana.eu\/es\/wp-json\/wp\/v2\/media?parent=517"}],"curies":[{"name":"wp","href":"https:\/\/api.w.org\/{rel}","templated":true}]}}