{"id":517,"date":"2023-07-05T10:17:55","date_gmt":"2023-07-05T10:17:55","guid":{"rendered":"https:\/\/www.aqwarana.eu\/fr\/?page_id=517"},"modified":"2025-06-02T12:48:23","modified_gmt":"2025-06-02T12:48:23","slug":"shipping-and-delivery","status":"publish","type":"page","link":"https:\/\/www.aqwarana.eu\/fr\/shipping-and-delivery\/","title":{"rendered":"Envois et livraisons"},"content":{"rendered":"<div class=\"entry-content\">\n<h3 data-start=\"111\" data-end=\"139\"><strong data-start=\"115\" data-end=\"137\">Zones de Livraison<\/strong><\/h3>\n<p data-start=\"140\" data-end=\"392\">Nous livrons dans toute l&#8217;Union Europ\u00e9enne ainsi qu\u2019\u00e0 l\u2019international. Veuillez consulter les informations ci-dessous concernant les modes de livraison, les frais et les d\u00e9lais. Pour toute question compl\u00e9mentaire, contactez-nous \u00e0 <strong data-start=\"371\" data-end=\"391\"><a class=\"cursor-pointer\" rel=\"noopener\" data-start=\"373\" data-end=\"389\">info@aqwarana.eu<\/a><\/strong>.<\/p>\n<h3 data-start=\"394\" data-end=\"427\"><strong data-start=\"398\" data-end=\"425\">Partenaires Logistiques<\/strong><\/h3>\n<ul data-start=\"428\" data-end=\"637\">\n<li data-start=\"428\" data-end=\"528\">\n<p data-start=\"430\" data-end=\"528\"><strong data-start=\"430\" data-end=\"443\">En Europe<\/strong> : nous travaillons avec <strong data-start=\"468\" data-end=\"482\">DHL Parcel<\/strong> pour une livraison s\u00e9curis\u00e9e et \u00e9conomique.<\/p>\n<\/li>\n<li data-start=\"529\" data-end=\"637\">\n<p data-start=\"531\" data-end=\"637\"><strong data-start=\"531\" data-end=\"546\">Hors Europe<\/strong> : nous utilisons <strong data-start=\"564\" data-end=\"581\">FedEx Express<\/strong> pour des livraisons internationales rapides et fiables.<\/p>\n<\/li>\n<\/ul>\n<h3 data-start=\"639\" data-end=\"668\"><strong data-start=\"643\" data-end=\"666\">D\u00e9lais de Livraison<\/strong><\/h3>\n<ul data-start=\"669\" data-end=\"987\">\n<li data-start=\"669\" data-end=\"823\">\n<p data-start=\"671\" data-end=\"823\"><strong data-start=\"671\" data-end=\"708\">DHL Parcel (livraisons dans l\u2019UE)<\/strong> :<br data-start=\"710\" data-end=\"713\" \/>D\u00e9lai de livraison estim\u00e9 de <strong data-start=\"744\" data-end=\"769\">2 \u00e0 6 jours ouvrables<\/strong> apr\u00e8s exp\u00e9dition. <strong data-start=\"788\" data-end=\"822\">Livraisons \u00e9galement le samedi<\/strong>.<\/p>\n<\/li>\n<li data-start=\"827\" data-end=\"987\">\n<p data-start=\"829\" data-end=\"987\"><strong data-start=\"829\" data-end=\"875\">FedEx Economy (livraisons internationales)<\/strong> :<br data-start=\"877\" data-end=\"880\" \/>D\u00e9lai de livraison estim\u00e9 de <strong data-start=\"911\" data-end=\"936\">2 \u00e0 4 jours ouvrables<\/strong> apr\u00e8s exp\u00e9dition. <strong data-start=\"955\" data-end=\"986\">Pas de livraisons le samedi<\/strong>.<\/p>\n<\/li>\n<\/ul>\n<h3 data-start=\"989\" data-end=\"1017\"><strong data-start=\"993\" data-end=\"1015\">Frais de Livraison<\/strong><\/h3>\n<ul data-start=\"1018\" data-end=\"1199\">\n<li data-start=\"1018\" data-end=\"1068\">\n<p data-start=\"1020\" data-end=\"1068\"><strong data-start=\"1020\" data-end=\"1033\">En Europe<\/strong> : la livraison est <strong data-start=\"1053\" data-end=\"1065\">gratuite<\/strong>.<\/p>\n<\/li>\n<li data-start=\"1069\" data-end=\"1199\">\n<p data-start=\"1071\" data-end=\"1199\"><strong data-start=\"1071\" data-end=\"1086\">Hors Europe<\/strong> : les frais de livraison sont calcul\u00e9s au moment du paiement en fonction de la destination et du poids du colis.<\/p>\n<\/li>\n<\/ul>\n<h3 data-start=\"1201\" data-end=\"1249\"><strong data-start=\"1205\" data-end=\"1247\">Traitement et Exp\u00e9dition des Commandes<\/strong><\/h3>\n<p data-start=\"1250\" data-end=\"1533\">Les commandes sont g\u00e9n\u00e9ralement exp\u00e9di\u00e9es <strong data-start=\"1292\" data-end=\"1320\">le jour ouvrable suivant<\/strong> la r\u00e9ception du paiement.<br data-start=\"1346\" data-end=\"1349\" \/>Si un produit est exceptionnellement en rupture de stock, nous vous en informerons imm\u00e9diatement. Vous aurez la possibilit\u00e9 d\u2019annuler la commande et d\u2019obtenir un remboursement complet.<\/p>\n<h3 data-start=\"1535\" data-end=\"1566\"><strong data-start=\"1539\" data-end=\"1564\">Suivi des Exp\u00e9ditions<\/strong><\/h3>\n<p data-start=\"1567\" data-end=\"1707\">Une <strong data-start=\"1571\" data-end=\"1600\">confirmation d\u2019exp\u00e9dition<\/strong> vous sera envoy\u00e9e par email d\u00e8s que votre colis aura \u00e9t\u00e9 remis au transporteur, avec un <strong data-start=\"1689\" data-end=\"1706\">lien de suivi<\/strong>.<\/p>\n<h3 data-start=\"1709\" data-end=\"1736\"><strong data-start=\"1713\" data-end=\"1734\">Livraison Express<\/strong><\/h3>\n<p data-start=\"1737\" data-end=\"1908\">Sur demande, nous proposons une <strong data-start=\"1769\" data-end=\"1790\">livraison express<\/strong>, avec <strong data-start=\"1797\" data-end=\"1814\">un suppl\u00e9ment<\/strong>. Merci de nous contacter avant de passer commande si vous souhaitez b\u00e9n\u00e9ficier de ce service.<\/p>\n<\/div>\n","protected":false},"excerpt":{"rendered":"<p>Zones de Livraison Nous livrons dans toute l&#8217;Union Europ\u00e9enne ainsi qu\u2019\u00e0 l\u2019international. Veuillez consulter les informations ci-dessous concernant les modes de livraison, les frais et les d\u00e9lais. Pour toute question compl\u00e9mentaire, contactez-nous \u00e0 info@aqwarana.eu. Partenaires Logistiques En Europe : nous travaillons avec DHL Parcel pour une livraison s\u00e9curis\u00e9e et \u00e9conomique. Hors Europe : nous utilisons [&hellip;]<\/p>\n","protected":false},"author":1,"featured_media":0,"parent":0,"menu_order":0,"comment_status":"closed","ping_status":"closed","template":"","meta":[],"yoast_head":"<!-- This site is optimized with the Yoast SEO plugin v20.10 - https:\/\/yoast.com\/wordpress\/plugins\/seo\/ -->\n<title>Envois et livraisons | Aqwarana .eu<\/title>\n<meta name=\"robots\" content=\"index, follow, max-snippet:-1, max-image-preview:large, max-video-preview:-1\" \/>\n<link rel=\"canonical\" href=\"https:\/\/www.aqwarana.eu\/fr\/shipping-and-delivery\/\" \/>\n<meta property=\"og:locale\" content=\"fr_FR\" \/>\n<meta property=\"og:type\" content=\"article\" \/>\n<meta property=\"og:title\" content=\"Envois et livraisons | Aqwarana .eu\" \/>\n<meta property=\"og:description\" content=\"Zones de Livraison Nous livrons dans toute l&#8217;Union Europ\u00e9enne ainsi qu\u2019\u00e0 l\u2019international. Veuillez consulter les informations ci-dessous concernant les modes de livraison, les frais et les d\u00e9lais. Pour toute question compl\u00e9mentaire, contactez-nous \u00e0 info@aqwarana.eu. Partenaires Logistiques En Europe : nous travaillons avec DHL Parcel pour une livraison s\u00e9curis\u00e9e et \u00e9conomique. Hors Europe : nous utilisons [&hellip;]\" \/>\n<meta property=\"og:url\" content=\"https:\/\/www.aqwarana.eu\/fr\/shipping-and-delivery\/\" \/>\n<meta property=\"og:site_name\" content=\"aqwarana fr\" \/>\n<meta property=\"article:modified_time\" content=\"2025-06-02T12:48:23+00:00\" \/>\n<meta name=\"twitter:card\" content=\"summary_large_image\" \/>\n<meta name=\"twitter:label1\" content=\"Dur\u00e9e de lecture estim\u00e9e\" \/>\n\t<meta name=\"twitter:data1\" content=\"2 minutes\" \/>\n<script type=\"application\/ld+json\" class=\"yoast-schema-graph\">{\"@context\":\"https:\/\/schema.org\",\"@graph\":[{\"@type\":\"WebPage\",\"@id\":\"https:\/\/www.aqwarana.eu\/fr\/shipping-and-delivery\/\",\"url\":\"https:\/\/www.aqwarana.eu\/fr\/shipping-and-delivery\/\",\"name\":\"Envois et livraisons | Aqwarana .eu\",\"isPartOf\":{\"@id\":\"https:\/\/www.aqwarana.eu\/fr\/#website\"},\"datePublished\":\"2023-07-05T10:17:55+00:00\",\"dateModified\":\"2025-06-02T12:48:23+00:00\",\"breadcrumb\":{\"@id\":\"https:\/\/www.aqwarana.eu\/fr\/shipping-and-delivery\/#breadcrumb\"},\"inLanguage\":\"fr-FR\",\"potentialAction\":[{\"@type\":\"ReadAction\",\"target\":[\"https:\/\/www.aqwarana.eu\/fr\/shipping-and-delivery\/\"]}]},{\"@type\":\"BreadcrumbList\",\"@id\":\"https:\/\/www.aqwarana.eu\/fr\/shipping-and-delivery\/#breadcrumb\",\"itemListElement\":[{\"@type\":\"ListItem\",\"position\":1,\"name\":\"Home\",\"item\":\"https:\/\/www.aqwarana.eu\/fr\/\"},{\"@type\":\"ListItem\",\"position\":2,\"name\":\"Envois et livraisons\"}]},{\"@type\":\"WebSite\",\"@id\":\"https:\/\/www.aqwarana.eu\/fr\/#website\",\"url\":\"https:\/\/www.aqwarana.eu\/fr\/\",\"name\":\"aqwarana fr\",\"description\":\"\",\"potentialAction\":[{\"@type\":\"SearchAction\",\"target\":{\"@type\":\"EntryPoint\",\"urlTemplate\":\"https:\/\/www.aqwarana.eu\/fr\/?s={search_term_string}\"},\"query-input\":\"required name=search_term_string\"}],\"inLanguage\":\"fr-FR\"}]}<\/script>\n<!-- \/ Yoast SEO plugin. -->","yoast_head_json":{"title":"Envois et livraisons | Aqwarana .eu","robots":{"index":"index","follow":"follow","max-snippet":"max-snippet:-1","max-image-preview":"max-image-preview:large","max-video-preview":"max-video-preview:-1"},"canonical":"https:\/\/www.aqwarana.eu\/fr\/shipping-and-delivery\/","og_locale":"fr_FR","og_type":"article","og_title":"Envois et livraisons | Aqwarana .eu","og_description":"Zones de Livraison Nous livrons dans toute l&#8217;Union Europ\u00e9enne ainsi qu\u2019\u00e0 l\u2019international. Veuillez consulter les informations ci-dessous concernant les modes de livraison, les frais et les d\u00e9lais. Pour toute question compl\u00e9mentaire, contactez-nous \u00e0 info@aqwarana.eu. Partenaires Logistiques En Europe : nous travaillons avec DHL Parcel pour une livraison s\u00e9curis\u00e9e et \u00e9conomique. Hors Europe : nous utilisons [&hellip;]","og_url":"https:\/\/www.aqwarana.eu\/fr\/shipping-and-delivery\/","og_site_name":"aqwarana fr","article_modified_time":"2025-06-02T12:48:23+00:00","twitter_card":"summary_large_image","twitter_misc":{"Dur\u00e9e de lecture estim\u00e9e":"2 minutes"},"schema":{"@context":"https:\/\/schema.org","@graph":[{"@type":"WebPage","@id":"https:\/\/www.aqwarana.eu\/fr\/shipping-and-delivery\/","url":"https:\/\/www.aqwarana.eu\/fr\/shipping-and-delivery\/","name":"Envois et livraisons | Aqwarana .eu","isPartOf":{"@id":"https:\/\/www.aqwarana.eu\/fr\/#website"},"datePublished":"2023-07-05T10:17:55+00:00","dateModified":"2025-06-02T12:48:23+00:00","breadcrumb":{"@id":"https:\/\/www.aqwarana.eu\/fr\/shipping-and-delivery\/#breadcrumb"},"inLanguage":"fr-FR","potentialAction":[{"@type":"ReadAction","target":["https:\/\/www.aqwarana.eu\/fr\/shipping-and-delivery\/"]}]},{"@type":"BreadcrumbList","@id":"https:\/\/www.aqwarana.eu\/fr\/shipping-and-delivery\/#breadcrumb","itemListElement":[{"@type":"ListItem","position":1,"name":"Home","item":"https:\/\/www.aqwarana.eu\/fr\/"},{"@type":"ListItem","position":2,"name":"Envois et livraisons"}]},{"@type":"WebSite","@id":"https:\/\/www.aqwarana.eu\/fr\/#website","url":"https:\/\/www.aqwarana.eu\/fr\/","name":"aqwarana fr","description":"","potentialAction":[{"@type":"SearchAction","target":{"@type":"EntryPoint","urlTemplate":"https:\/\/www.aqwarana.eu\/fr\/?s={search_term_string}"},"query-input":"required name=search_term_string"}],"inLanguage":"fr-FR"}]}},"_links":{"self":[{"href":"https:\/\/www.aqwarana.eu\/fr\/wp-json\/wp\/v2\/pages\/517"}],"collection":[{"href":"https:\/\/www.aqwarana.eu\/fr\/wp-json\/wp\/v2\/pages"}],"about":[{"href":"https:\/\/www.aqwarana.eu\/fr\/wp-json\/wp\/v2\/types\/page"}],"author":[{"embeddable":true,"href":"https:\/\/www.aqwarana.eu\/fr\/wp-json\/wp\/v2\/users\/1"}],"replies":[{"embeddable":true,"href":"https:\/\/www.aqwarana.eu\/fr\/wp-json\/wp\/v2\/comments?post=517"}],"version-history":[{"count":5,"href":"https:\/\/www.aqwarana.eu\/fr\/wp-json\/wp\/v2\/pages\/517\/revisions"}],"predecessor-version":[{"id":805,"href":"https:\/\/www.aqwarana.eu\/fr\/wp-json\/wp\/v2\/pages\/517\/revisions\/805"}],"wp:attachment":[{"href":"https:\/\/www.aqwarana.eu\/fr\/wp-json\/wp\/v2\/media?parent=517"}],"curies":[{"name":"wp","href":"https:\/\/api.w.org\/{rel}","templated":true}]}}