{"id":517,"date":"2023-07-05T10:17:55","date_gmt":"2023-07-05T10:17:55","guid":{"rendered":"https:\/\/www.aqwarana.eu\/pt\/?page_id=517"},"modified":"2025-06-02T12:49:51","modified_gmt":"2025-06-02T12:49:51","slug":"shipping-and-delivery","status":"publish","type":"page","link":"https:\/\/www.aqwarana.eu\/pt\/shipping-and-delivery\/","title":{"rendered":"Envio e entrega"},"content":{"rendered":"<div class=\"entry-content\">\n<h3 data-start=\"108\" data-end=\"134\"><strong data-start=\"112\" data-end=\"132\">\u00c1reas de Entrega<\/strong><\/h3>\n<p data-start=\"135\" data-end=\"381\">Fazemos entregas em toda a Uni\u00e3o Europeia e tamb\u00e9m a n\u00edvel internacional. Consulte abaixo as informa\u00e7\u00f5es sobre m\u00e9todos de envio, custos e prazos de entrega. Para mais informa\u00e7\u00f5es, entre em contacto connosco atrav\u00e9s do e-mail <strong data-start=\"360\" data-end=\"380\"><a class=\"cursor-pointer\" rel=\"noopener\" data-start=\"362\" data-end=\"378\">info@aqwarana.eu<\/a><\/strong>.<\/p>\n<h3 data-start=\"383\" data-end=\"411\"><strong data-start=\"387\" data-end=\"409\">Parceiros de Envio<\/strong><\/h3>\n<ul data-start=\"412\" data-end=\"603\">\n<li data-start=\"412\" data-end=\"504\">\n<p data-start=\"414\" data-end=\"504\"><strong data-start=\"414\" data-end=\"434\">Dentro da Europa<\/strong>: trabalhamos com a <strong data-start=\"454\" data-end=\"468\">DHL Parcel<\/strong> para envios seguros e econ\u00f3micos.<\/p>\n<\/li>\n<li data-start=\"505\" data-end=\"603\">\n<p data-start=\"507\" data-end=\"603\"><strong data-start=\"507\" data-end=\"525\">Fora da Europa<\/strong>: utilizamos <strong data-start=\"538\" data-end=\"555\">FedEx Express<\/strong> para entregas internacionais r\u00e1pidas e fi\u00e1veis.<\/p>\n<\/li>\n<\/ul>\n<h3 data-start=\"605\" data-end=\"632\"><strong data-start=\"609\" data-end=\"630\">Prazos de Entrega<\/strong><\/h3>\n<ul data-start=\"633\" data-end=\"915\">\n<li data-start=\"633\" data-end=\"766\">\n<p data-start=\"635\" data-end=\"766\"><strong data-start=\"635\" data-end=\"666\">DHL Parcel (entregas na UE)<\/strong>:<br data-start=\"667\" data-end=\"670\" \/>Prazo estimado de entrega: <strong data-start=\"699\" data-end=\"719\">2 a 6 dias \u00fateis<\/strong> ap\u00f3s o envio. <strong data-start=\"734\" data-end=\"765\">Entregas tamb\u00e9m aos s\u00e1bados<\/strong>.<\/p>\n<\/li>\n<li data-start=\"770\" data-end=\"915\">\n<p data-start=\"772\" data-end=\"915\"><strong data-start=\"772\" data-end=\"815\">FedEx Economy (entregas internacionais)<\/strong>:<br data-start=\"816\" data-end=\"819\" \/>Prazo estimado de entrega: <strong data-start=\"848\" data-end=\"868\">2 a 4 dias \u00fateis<\/strong> ap\u00f3s o envio. <strong data-start=\"883\" data-end=\"914\">N\u00e3o h\u00e1 entregas aos s\u00e1bados<\/strong>.<\/p>\n<\/li>\n<\/ul>\n<h3 data-start=\"917\" data-end=\"942\"><strong data-start=\"921\" data-end=\"940\">Custos de Envio<\/strong><\/h3>\n<ul data-start=\"943\" data-end=\"1093\">\n<li data-start=\"943\" data-end=\"992\">\n<p data-start=\"945\" data-end=\"992\"><strong data-start=\"945\" data-end=\"965\">Dentro da Europa<\/strong>: o envio \u00e9 <strong data-start=\"977\" data-end=\"989\">gratuito<\/strong>.<\/p>\n<\/li>\n<li data-start=\"993\" data-end=\"1093\">\n<p data-start=\"995\" data-end=\"1093\"><strong data-start=\"995\" data-end=\"1013\">Fora da Europa<\/strong>: os custos de envio ser\u00e3o calculados no checkout com base no destino e no peso.<\/p>\n<\/li>\n<\/ul>\n<h3 data-start=\"1095\" data-end=\"1138\"><strong data-start=\"1099\" data-end=\"1136\">Processamento e Envio dos Pedidos<\/strong><\/h3>\n<p data-start=\"1139\" data-end=\"1361\">Os pedidos s\u00e3o normalmente enviados no <strong data-start=\"1178\" data-end=\"1199\">dia \u00fatil seguinte<\/strong> ap\u00f3s a confirma\u00e7\u00e3o do pagamento.<br data-start=\"1232\" data-end=\"1235\" \/>Caso um produto esteja fora de stock, entraremos em contacto. Ter\u00e1 o direito de cancelar o pedido e receber o reembolso total.<\/p>\n<h3 data-start=\"1363\" data-end=\"1398\"><strong data-start=\"1367\" data-end=\"1396\">Rastreamento da Encomenda<\/strong><\/h3>\n<p data-start=\"1399\" data-end=\"1530\">Assim que o seu pedido for despachado, receber\u00e1 um <strong data-start=\"1450\" data-end=\"1503\">e-mail de confirma\u00e7\u00e3o com um link de rastreamento<\/strong> para acompanhar a entrega.<\/p>\n<h3 data-start=\"1532\" data-end=\"1558\"><strong data-start=\"1536\" data-end=\"1556\">Entrega Expresso<\/strong><\/h3>\n<p data-start=\"1559\" data-end=\"1697\">Disponibilizamos <strong data-start=\"1576\" data-end=\"1607\">entrega expresso sob pedido<\/strong>, com <strong data-start=\"1613\" data-end=\"1632\">custo adicional<\/strong>. Contacte-nos antes de efetuar o pedido se desejar este servi\u00e7o.<\/p>\n<hr data-start=\"1699\" data-end=\"1702\" \/>\n<p data-start=\"1704\" data-end=\"1799\" data-is-last-node=\"\" data-is-only-node=\"\">Laat me weten als je ook een verkorte versie wilt voor gebruik op een webshop of productpagina.<\/p>\n<\/div>\n","protected":false},"excerpt":{"rendered":"<p>\u00c1reas de Entrega Fazemos entregas em toda a Uni\u00e3o Europeia e tamb\u00e9m a n\u00edvel internacional. Consulte abaixo as informa\u00e7\u00f5es sobre m\u00e9todos de envio, custos e prazos de entrega. Para mais informa\u00e7\u00f5es, entre em contacto connosco atrav\u00e9s do e-mail info@aqwarana.eu. Parceiros de Envio Dentro da Europa: trabalhamos com a DHL Parcel para envios seguros e econ\u00f3micos. [&hellip;]<\/p>\n","protected":false},"author":1,"featured_media":0,"parent":0,"menu_order":0,"comment_status":"closed","ping_status":"closed","template":"","meta":[],"yoast_head":"<!-- This site is optimized with the Yoast SEO plugin v20.10 - https:\/\/yoast.com\/wordpress\/plugins\/seo\/ -->\n<title>Envio e entrega | Aqwarana .eu<\/title>\n<meta name=\"robots\" content=\"index, follow, max-snippet:-1, max-image-preview:large, max-video-preview:-1\" \/>\n<link rel=\"canonical\" href=\"https:\/\/www.aqwarana.eu\/pt\/shipping-and-delivery\/\" \/>\n<meta property=\"og:locale\" content=\"pt_PT\" \/>\n<meta property=\"og:type\" content=\"article\" \/>\n<meta property=\"og:title\" content=\"Envio e entrega | Aqwarana .eu\" \/>\n<meta property=\"og:description\" content=\"\u00c1reas de Entrega Fazemos entregas em toda a Uni\u00e3o Europeia e tamb\u00e9m a n\u00edvel internacional. Consulte abaixo as informa\u00e7\u00f5es sobre m\u00e9todos de envio, custos e prazos de entrega. Para mais informa\u00e7\u00f5es, entre em contacto connosco atrav\u00e9s do e-mail info@aqwarana.eu. Parceiros de Envio Dentro da Europa: trabalhamos com a DHL Parcel para envios seguros e econ\u00f3micos. [&hellip;]\" \/>\n<meta property=\"og:url\" content=\"https:\/\/www.aqwarana.eu\/pt\/shipping-and-delivery\/\" \/>\n<meta property=\"og:site_name\" content=\"aqwarana pt\" \/>\n<meta property=\"article:modified_time\" content=\"2025-06-02T12:49:51+00:00\" \/>\n<meta name=\"twitter:card\" content=\"summary_large_image\" \/>\n<meta name=\"twitter:label1\" content=\"Tempo estimado de leitura\" \/>\n\t<meta name=\"twitter:data1\" content=\"2 minutos\" \/>\n<script type=\"application\/ld+json\" class=\"yoast-schema-graph\">{\"@context\":\"https:\/\/schema.org\",\"@graph\":[{\"@type\":\"WebPage\",\"@id\":\"https:\/\/www.aqwarana.eu\/pt\/shipping-and-delivery\/\",\"url\":\"https:\/\/www.aqwarana.eu\/pt\/shipping-and-delivery\/\",\"name\":\"Envio e entrega | Aqwarana .eu\",\"isPartOf\":{\"@id\":\"https:\/\/www.aqwarana.eu\/pt\/#website\"},\"datePublished\":\"2023-07-05T10:17:55+00:00\",\"dateModified\":\"2025-06-02T12:49:51+00:00\",\"breadcrumb\":{\"@id\":\"https:\/\/www.aqwarana.eu\/pt\/shipping-and-delivery\/#breadcrumb\"},\"inLanguage\":\"pt-PT\",\"potentialAction\":[{\"@type\":\"ReadAction\",\"target\":[\"https:\/\/www.aqwarana.eu\/pt\/shipping-and-delivery\/\"]}]},{\"@type\":\"BreadcrumbList\",\"@id\":\"https:\/\/www.aqwarana.eu\/pt\/shipping-and-delivery\/#breadcrumb\",\"itemListElement\":[{\"@type\":\"ListItem\",\"position\":1,\"name\":\"Home\",\"item\":\"https:\/\/www.aqwarana.eu\/pt\/\"},{\"@type\":\"ListItem\",\"position\":2,\"name\":\"Envio e entrega\"}]},{\"@type\":\"WebSite\",\"@id\":\"https:\/\/www.aqwarana.eu\/pt\/#website\",\"url\":\"https:\/\/www.aqwarana.eu\/pt\/\",\"name\":\"aqwarana pt\",\"description\":\"\",\"potentialAction\":[{\"@type\":\"SearchAction\",\"target\":{\"@type\":\"EntryPoint\",\"urlTemplate\":\"https:\/\/www.aqwarana.eu\/pt\/?s={search_term_string}\"},\"query-input\":\"required name=search_term_string\"}],\"inLanguage\":\"pt-PT\"}]}<\/script>\n<!-- \/ Yoast SEO plugin. -->","yoast_head_json":{"title":"Envio e entrega | Aqwarana .eu","robots":{"index":"index","follow":"follow","max-snippet":"max-snippet:-1","max-image-preview":"max-image-preview:large","max-video-preview":"max-video-preview:-1"},"canonical":"https:\/\/www.aqwarana.eu\/pt\/shipping-and-delivery\/","og_locale":"pt_PT","og_type":"article","og_title":"Envio e entrega | Aqwarana .eu","og_description":"\u00c1reas de Entrega Fazemos entregas em toda a Uni\u00e3o Europeia e tamb\u00e9m a n\u00edvel internacional. Consulte abaixo as informa\u00e7\u00f5es sobre m\u00e9todos de envio, custos e prazos de entrega. Para mais informa\u00e7\u00f5es, entre em contacto connosco atrav\u00e9s do e-mail info@aqwarana.eu. Parceiros de Envio Dentro da Europa: trabalhamos com a DHL Parcel para envios seguros e econ\u00f3micos. [&hellip;]","og_url":"https:\/\/www.aqwarana.eu\/pt\/shipping-and-delivery\/","og_site_name":"aqwarana pt","article_modified_time":"2025-06-02T12:49:51+00:00","twitter_card":"summary_large_image","twitter_misc":{"Tempo estimado de leitura":"2 minutos"},"schema":{"@context":"https:\/\/schema.org","@graph":[{"@type":"WebPage","@id":"https:\/\/www.aqwarana.eu\/pt\/shipping-and-delivery\/","url":"https:\/\/www.aqwarana.eu\/pt\/shipping-and-delivery\/","name":"Envio e entrega | Aqwarana .eu","isPartOf":{"@id":"https:\/\/www.aqwarana.eu\/pt\/#website"},"datePublished":"2023-07-05T10:17:55+00:00","dateModified":"2025-06-02T12:49:51+00:00","breadcrumb":{"@id":"https:\/\/www.aqwarana.eu\/pt\/shipping-and-delivery\/#breadcrumb"},"inLanguage":"pt-PT","potentialAction":[{"@type":"ReadAction","target":["https:\/\/www.aqwarana.eu\/pt\/shipping-and-delivery\/"]}]},{"@type":"BreadcrumbList","@id":"https:\/\/www.aqwarana.eu\/pt\/shipping-and-delivery\/#breadcrumb","itemListElement":[{"@type":"ListItem","position":1,"name":"Home","item":"https:\/\/www.aqwarana.eu\/pt\/"},{"@type":"ListItem","position":2,"name":"Envio e entrega"}]},{"@type":"WebSite","@id":"https:\/\/www.aqwarana.eu\/pt\/#website","url":"https:\/\/www.aqwarana.eu\/pt\/","name":"aqwarana pt","description":"","potentialAction":[{"@type":"SearchAction","target":{"@type":"EntryPoint","urlTemplate":"https:\/\/www.aqwarana.eu\/pt\/?s={search_term_string}"},"query-input":"required name=search_term_string"}],"inLanguage":"pt-PT"}]}},"_links":{"self":[{"href":"https:\/\/www.aqwarana.eu\/pt\/wp-json\/wp\/v2\/pages\/517"}],"collection":[{"href":"https:\/\/www.aqwarana.eu\/pt\/wp-json\/wp\/v2\/pages"}],"about":[{"href":"https:\/\/www.aqwarana.eu\/pt\/wp-json\/wp\/v2\/types\/page"}],"author":[{"embeddable":true,"href":"https:\/\/www.aqwarana.eu\/pt\/wp-json\/wp\/v2\/users\/1"}],"replies":[{"embeddable":true,"href":"https:\/\/www.aqwarana.eu\/pt\/wp-json\/wp\/v2\/comments?post=517"}],"version-history":[{"count":5,"href":"https:\/\/www.aqwarana.eu\/pt\/wp-json\/wp\/v2\/pages\/517\/revisions"}],"predecessor-version":[{"id":829,"href":"https:\/\/www.aqwarana.eu\/pt\/wp-json\/wp\/v2\/pages\/517\/revisions\/829"}],"wp:attachment":[{"href":"https:\/\/www.aqwarana.eu\/pt\/wp-json\/wp\/v2\/media?parent=517"}],"curies":[{"name":"wp","href":"https:\/\/api.w.org\/{rel}","templated":true}]}}